{"id":1852,"date":"2024-10-01T09:44:18","date_gmt":"2024-10-01T09:44:18","guid":{"rendered":"https:\/\/yourvibesevents.com\/?page_id=1852"},"modified":"2025-04-16T12:06:30","modified_gmt":"2025-04-16T12:06:30","slug":"votre-evenement-sur-mesure","status":"publish","type":"page","link":"https:\/\/yourvibesevents.com\/en\/votre-evenement-sur-mesure\/","title":{"rendered":"About us"},"content":{"rendered":"<div data-elementor-type=\"wp-page\" data-elementor-id=\"1852\" class=\"elementor elementor-1852\">\n\t\t\t\t<div class=\"elementor-element elementor-element-777aa2b e-flex e-con-boxed e-con e-parent\" data-id=\"777aa2b\" data-element_type=\"container\" data-e-type=\"container\" data-settings=\"{&quot;background_background&quot;:&quot;classic&quot;}\">\n\t\t\t\t\t<div class=\"e-con-inner\">\n\t\t<div class=\"elementor-element elementor-element-1b7f933d e-flex e-con-boxed e-con e-child\" data-id=\"1b7f933d\" data-element_type=\"container\" data-e-type=\"container\">\n\t\t\t\t\t<div class=\"e-con-inner\">\n\t\t\t\t<div class=\"elementor-element elementor-element-2ecbf492 elementor-widget elementor-widget-heading\" data-id=\"2ecbf492\" data-element_type=\"widget\" data-e-type=\"widget\" data-widget_type=\"heading.default\">\n\t\t\t\t<div class=\"elementor-widget-container\">\n\t\t\t\t\t<h1 class=\"elementor-heading-title elementor-size-default\">About us<\/h1>\t\t\t\t<\/div>\n\t\t\t\t<\/div>\n\t\t\t\t\t<\/div>\n\t\t\t\t<\/div>\n\t\t\t\t\t<\/div>\n\t\t\t\t<\/div>\n\t\t<div class=\"elementor-element elementor-element-3b1ec71 e-flex e-con-boxed e-con e-parent\" data-id=\"3b1ec71\" data-element_type=\"container\" data-e-type=\"container\">\n\t\t\t\t\t<div class=\"e-con-inner\">\n\t\t<div class=\"elementor-element elementor-element-641bdff e-con-full e-flex e-con e-child\" data-id=\"641bdff\" data-element_type=\"container\" data-e-type=\"container\">\n\t\t\t\t<div class=\"elementor-element elementor-element-57cabeb elementor-widget elementor-widget-image\" data-id=\"57cabeb\" data-element_type=\"widget\" data-e-type=\"widget\" data-widget_type=\"image.default\">\n\t\t\t\t<div class=\"elementor-widget-container\">\n\t\t\t\t\t\t\t\t\t\t\t\t\t\t\t<img fetchpriority=\"high\" decoding=\"async\" width=\"1920\" height=\"2560\" src=\"https:\/\/yourvibesevents.com\/wp-content\/uploads\/2024\/10\/IMG-20241006-WA0166-scaled.jpg\" class=\"attachment-full size-full wp-image-2137\" alt=\"\" srcset=\"https:\/\/yourvibesevents.com\/wp-content\/uploads\/2024\/10\/IMG-20241006-WA0166-scaled.jpg 1920w, https:\/\/yourvibesevents.com\/wp-content\/uploads\/2024\/10\/IMG-20241006-WA0166-225x300.jpg 225w, https:\/\/yourvibesevents.com\/wp-content\/uploads\/2024\/10\/IMG-20241006-WA0166-768x1024.jpg 768w, https:\/\/yourvibesevents.com\/wp-content\/uploads\/2024\/10\/IMG-20241006-WA0166-1152x1536.jpg 1152w, https:\/\/yourvibesevents.com\/wp-content\/uploads\/2024\/10\/IMG-20241006-WA0166-1536x2048.jpg 1536w\" sizes=\"(max-width: 1920px) 100vw, 1920px\" \/>\t\t\t\t\t\t\t\t\t\t\t\t\t\t\t<\/div>\n\t\t\t\t<\/div>\n\t\t\t\t<\/div>\n\t\t<div class=\"elementor-element elementor-element-9a5e958 e-con-full e-flex e-con e-child\" data-id=\"9a5e958\" data-element_type=\"container\" data-e-type=\"container\" data-settings=\"{&quot;background_background&quot;:&quot;classic&quot;}\">\n\t\t\t\t<div class=\"elementor-element elementor-element-78d7e6b elementor-widget elementor-widget-heading\" data-id=\"78d7e6b\" data-element_type=\"widget\" data-e-type=\"widget\" data-widget_type=\"heading.default\">\n\t\t\t\t<div class=\"elementor-widget-container\">\n\t\t\t\t\t<h2 class=\"elementor-heading-title elementor-size-default\">Who is behing Your Vibes Events ?<\/h2>\t\t\t\t<\/div>\n\t\t\t\t<\/div>\n\t\t\t\t<div class=\"elementor-element elementor-element-c8b23cf elementor-widget elementor-widget-text-editor\" data-id=\"c8b23cf\" data-element_type=\"widget\" data-e-type=\"widget\" data-widget_type=\"text-editor.default\">\n\t\t\t\t<div class=\"elementor-widget-container\">\n\t\t\t\t\t\t\t\t\t<p>My name is Margaux, I'm 34, I'm originally from Brittany and I've been living in Bordeaux for 10 years. For several years, I worked in trade show organisation, while cultivating a passion for personal events. Every occasion was perfect for bringing friends together, celebrating and watching them enjoy the moment to the full.<\/p><p>\u00a0<\/p><p>This passion has led me to take the next step: turning event organisation into a fully-fledged professional activity.<\/p><p>\u00a0<\/p><p>And so Your Vibes Events was born. The concept is simple: your event, whether it's a wedding, a seminar or a party, must be just like you and in perfect harmony with your desires.<\/p><p>\u00a0<\/p><p>I love planning, coordinating and anticipating every detail so that your event is unique, memorable and, above all, magical.<\/p><p>\u00a0<\/p><p>My aim? To give you and your guests unforgettable memories!<\/p>\t\t\t\t\t\t\t\t<\/div>\n\t\t\t\t<\/div>\n\t\t\t\t<div class=\"elementor-element elementor-element-a9bfedb elementor-align-left elementor-widget elementor-widget-button\" data-id=\"a9bfedb\" data-element_type=\"widget\" data-e-type=\"widget\" data-widget_type=\"button.default\">\n\t\t\t\t<div class=\"elementor-widget-container\">\n\t\t\t\t\t\t\t\t\t<div class=\"elementor-button-wrapper\">\n\t\t\t\t\t<a class=\"elementor-button elementor-button-link elementor-size-sm\" href=\"\/en\/organisation-devenements\/\">\n\t\t\t\t\t\t<span class=\"elementor-button-content-wrapper\">\n\t\t\t\t\t\t\t\t\t<span class=\"elementor-button-text\">Let's walk the road together!<\/span>\n\t\t\t\t\t<\/span>\n\t\t\t\t\t<\/a>\n\t\t\t\t<\/div>\n\t\t\t\t\t\t\t\t<\/div>\n\t\t\t\t<\/div>\n\t\t\t\t<\/div>\n\t\t\t\t\t<\/div>\n\t\t\t\t<\/div>\n\t\t\t\t<section class=\"elementor-section elementor-top-section elementor-element elementor-element-9yf8465 elementor-section-content-middle elementor-reverse-mobile elementor-section-boxed elementor-section-height-default elementor-section-height-default\" data-id=\"9yf8465\" data-element_type=\"section\" data-e-type=\"section\" data-settings=\"{&quot;background_background&quot;:&quot;classic&quot;}\">\n\t\t\t\t\t\t\t<div class=\"elementor-background-overlay\"><\/div>\n\t\t\t\t\t\t\t<div class=\"elementor-container elementor-column-gap-default\">\n\t\t\t\t\t<div class=\"elementor-column elementor-col-100 elementor-top-column elementor-element elementor-element-217dcf5\" data-id=\"217dcf5\" data-element_type=\"column\" data-e-type=\"column\">\n\t\t\t<div class=\"elementor-widget-wrap elementor-element-populated\">\n\t\t\t\t\t\t<div class=\"elementor-element elementor-element-f4d1248 elementor-widget elementor-widget-heading\" data-id=\"f4d1248\" data-element_type=\"widget\" data-e-type=\"widget\" data-widget_type=\"heading.default\">\n\t\t\t\t<div class=\"elementor-widget-container\">\n\t\t\t\t\t<h2 class=\"elementor-heading-title elementor-size-default\">My mantra<\/h2>\t\t\t\t<\/div>\n\t\t\t\t<\/div>\n\t\t\t\t<div class=\"elementor-element elementor-element-3ba512b elementor-widget-divider--view-line_icon elementor-view-default elementor-widget-divider--element-align-center elementor-widget elementor-widget-divider\" data-id=\"3ba512b\" data-element_type=\"widget\" data-e-type=\"widget\" data-widget_type=\"divider.default\">\n\t\t\t\t<div class=\"elementor-widget-container\">\n\t\t\t\t\t\t\t<div class=\"elementor-divider\">\n\t\t\t<span class=\"elementor-divider-separator\">\n\t\t\t\t\t\t\t<div class=\"elementor-icon elementor-divider__element\">\n\t\t\t\t\t<svg aria-hidden=\"true\" class=\"e-font-icon-svg e-fas-spa\" viewbox=\"0 0 576 512\" xmlns=\"http:\/\/www.w3.org\/2000\/svg\"><path d=\"M568.25 192c-29.04.13-135.01 6.16-213.84 83-33.12 29.63-53.36 63.3-66.41 94.86-13.05-31.56-33.29-65.23-66.41-94.86-78.83-76.84-184.8-82.87-213.84-83-4.41-.02-7.79 3.4-7.75 7.82.23 27.92 7.14 126.14 88.77 199.3C172.79 480.94 256 480 288 480s115.19.95 199.23-80.88c81.64-73.17 88.54-171.38 88.77-199.3.04-4.42-3.34-7.84-7.75-7.82zM287.98 302.6c12.82-18.85 27.6-35.78 44.09-50.52 19.09-18.61 39.58-33.3 60.26-45.18-16.44-70.5-51.72-133.05-96.73-172.22-4.11-3.58-11.02-3.58-15.14 0-44.99 39.14-80.27 101.63-96.74 172.07 20.37 11.7 40.5 26.14 59.22 44.39a282.768 282.768 0 0 1 45.04 51.46z\"><\/path><\/svg><\/div>\n\t\t\t\t\t\t<\/span>\n\t\t<\/div>\n\t\t\t\t\t\t<\/div>\n\t\t\t\t<\/div>\n\t\t\t\t<div class=\"elementor-element elementor-element-980e24a elementor-widget elementor-widget-text-editor\" data-id=\"980e24a\" data-element_type=\"widget\" data-e-type=\"widget\" data-widget_type=\"text-editor.default\">\n\t\t\t\t<div class=\"elementor-widget-container\">\n\t\t\t\t\t\t\t\t\t<h2>\u00ab A smile is a curve that puts everything back into place \u00bb<\/h2><h2 style=\"text-align: center;\">&#8211; Phyllis Diller<\/h2>\t\t\t\t\t\t\t\t<\/div>\n\t\t\t\t<\/div>\n\t\t\t\t\t<\/div>\n\t\t<\/div>\n\t\t\t\t\t<\/div>\n\t\t<\/section>\n\t\t<div class=\"elementor-element elementor-element-613001f e-flex e-con-boxed e-con e-parent\" data-id=\"613001f\" data-element_type=\"container\" data-e-type=\"container\">\n\t\t\t\t\t<div class=\"e-con-inner\">\n\t\t\t\t<div class=\"elementor-element elementor-element-67d08cc elementor-widget elementor-widget-heading\" data-id=\"67d08cc\" data-element_type=\"widget\" data-e-type=\"widget\" data-widget_type=\"heading.default\">\n\t\t\t\t<div class=\"elementor-widget-container\">\n\t\t\t\t\t<h2 class=\"elementor-heading-title elementor-size-default\">Nos derni\u00e8res articles<\/h2>\t\t\t\t<\/div>\n\t\t\t\t<\/div>\n\t\t\t\t<div class=\"elementor-element elementor-element-0d2454b elementor-widget elementor-widget-elementskit-blog-posts\" data-id=\"0d2454b\" data-element_type=\"widget\" data-e-type=\"widget\" data-widget_type=\"elementskit-blog-posts.default\">\n\t\t\t\t<div class=\"elementor-widget-container\">\n\t\t\t\t\t<div class=\"ekit-wid-con\" >        <div id=\"post-items--0d2454b\" class=\"row post-items\">\n                    <div class=\"col-lg-4 col-md-6\">\n\n                                    <div class=\"elementskit-post-image-card\">\n                        <div class=\"elementskit-entry-header\">\n                                                            <a href=\"https:\/\/yourvibesevents.com\/en\/mariage-gay-bordeaux\/\" class=\"elementskit-entry-thumb\">\n                                    <img decoding=\"async\" src=\"https:\/\/yourvibesevents.com\/wp-content\/uploads\/2024\/10\/nick-karvounis-DUK7XiBpGSY-unsplash-scaled.jpg\" alt=\"Wedding planner mariage gay Bordeaux\">\n                                <\/a><!-- .elementskit-entry-thumb END -->\n                                                            \n                            \n\t\t\t\t\t\t\t\t\t\t\t\t\t<\/div><!-- .elementskit-entry-header END -->\n\n\t\t\t\t\t\t<div class=\"elementskit-post-body\">\n\t\t\t\t\t\t\t\n\t\t\t\t\t\t\t\t\t\t\t\t\t\t\t\t\t\t\t\t\t\t\t\t\t\t\t\t\t\t\n\t\t\t\t\t\t\t\t\n\t\t\t\t\t\t\t\t\t\t\t\t\t\t\t\t\t\t\t\t\t<h2 class=\"entry-title\">\n\t\t\t\t\t<a href=\"https:\/\/yourvibesevents.com\/en\/mariage-gay-bordeaux\/\">\n\t\t\t\t\t\tWedding planner mariage gay Bordeaux\t\t\t\t\t<\/a>\n\t\t\t\t<\/h2>\n\t\t\t\t\t\t\t\t\t\t\t\t\t\t\t\t\t\t\t\t\t\t\t\t\t\t\t\t\t\t\t\t                                                            <div class=\"btn-wraper\">\n                                    \n                                                                            <a class=\"elementskit-btn whitespace--normal\" id=\"\" href=\"https:\/\/yourvibesevents.com\/en\/mariage-gay-bordeaux\/\">\n                                        \t                                            Read more                                        <\/a>\n                                                                    <\/div>\n                                                    <\/div><!-- .elementskit-post-body END -->\n                    <\/div>\n                \n            <\/div>\n                    <div class=\"col-lg-4 col-md-6\">\n\n                                    <div class=\"elementskit-post-image-card\">\n                        <div class=\"elementskit-entry-header\">\n                                                            <a href=\"https:\/\/yourvibesevents.com\/en\/erreurs-organisation-mariage-wedding-planner-bordeaux\/\" class=\"elementskit-entry-thumb\">\n                                    <img decoding=\"async\" src=\"https:\/\/yourvibesevents.com\/wp-content\/uploads\/2024\/10\/DSC6281-scaled.jpg\" alt=\"5 erreurs \u00e0 \u00e9viter dans l&rsquo;organisation de son mariage\">\n                                <\/a><!-- .elementskit-entry-thumb END -->\n                                                            \n                            \n\t\t\t\t\t\t\t\t\t\t\t\t\t<\/div><!-- .elementskit-entry-header END -->\n\n\t\t\t\t\t\t<div class=\"elementskit-post-body\">\n\t\t\t\t\t\t\t\n\t\t\t\t\t\t\t\t\t\t\t\t\t\t\t\t\t\t\t\t\t\t\t\t\t\t\t\t\t\t\n\t\t\t\t\t\t\t\t\n\t\t\t\t\t\t\t\t\t\t\t\t\t\t\t\t\t\t\t\t\t<h2 class=\"entry-title\">\n\t\t\t\t\t<a href=\"https:\/\/yourvibesevents.com\/en\/erreurs-organisation-mariage-wedding-planner-bordeaux\/\">\n\t\t\t\t\t\t5 erreurs \u00e0 \u00e9viter dans l&rsquo;organisation de son mariage\t\t\t\t\t<\/a>\n\t\t\t\t<\/h2>\n\t\t\t\t\t\t\t\t\t\t\t\t\t\t\t\t\t\t\t\t\t\t\t\t\t\t\t\t\t\t\t\t                                                            <div class=\"btn-wraper\">\n                                    \n                                                                            <a class=\"elementskit-btn whitespace--normal\" id=\"\" href=\"https:\/\/yourvibesevents.com\/en\/erreurs-organisation-mariage-wedding-planner-bordeaux\/\">\n                                        \t                                            Read more                                        <\/a>\n                                                                    <\/div>\n                                                    <\/div><!-- .elementskit-post-body END -->\n                    <\/div>\n                \n            <\/div>\n                    <div class=\"col-lg-4 col-md-6\">\n\n                                    <div class=\"elementskit-post-image-card\">\n                        <div class=\"elementskit-entry-header\">\n                                                            <a href=\"https:\/\/yourvibesevents.com\/en\/organiser-mariage-bordeaux\/\" class=\"elementskit-entry-thumb\">\n                                    <img decoding=\"async\" src=\"https:\/\/yourvibesevents.com\/wp-content\/uploads\/clos-des-charmes.png\" alt=\"Comment organiser un mariage \u00e0 Bordeaux : le guide complet\">\n                                <\/a><!-- .elementskit-entry-thumb END -->\n                                                            \n                            \n\t\t\t\t\t\t\t\t\t\t\t\t\t<\/div><!-- .elementskit-entry-header END -->\n\n\t\t\t\t\t\t<div class=\"elementskit-post-body\">\n\t\t\t\t\t\t\t\n\t\t\t\t\t\t\t\t\t\t\t\t\t\t\t\t\t\t\t\t\t\t\t\t\t\t\t\t\t\t\n\t\t\t\t\t\t\t\t\n\t\t\t\t\t\t\t\t\t\t\t\t\t\t\t\t\t\t\t\t\t<h2 class=\"entry-title\">\n\t\t\t\t\t<a href=\"https:\/\/yourvibesevents.com\/en\/organiser-mariage-bordeaux\/\">\n\t\t\t\t\t\tComment organiser un mariage \u00e0 Bordeaux : le guide complet\t\t\t\t\t<\/a>\n\t\t\t\t<\/h2>\n\t\t\t\t\t\t\t\t\t\t\t\t\t\t\t\t\t\t\t\t\t\t\t\t\t\t\t\t\t\t\t\t                                                            <div class=\"btn-wraper\">\n                                    \n                                                                            <a class=\"elementskit-btn whitespace--normal\" id=\"\" href=\"https:\/\/yourvibesevents.com\/en\/organiser-mariage-bordeaux\/\">\n                                        \t                                            Read more                                        <\/a>\n                                                                    <\/div>\n                                                    <\/div><!-- .elementskit-post-body END -->\n                    <\/div>\n                \n            <\/div>\n                <\/div>\n       <\/div>\t\t\t\t<\/div>\n\t\t\t\t<\/div>\n\t\t\t\t\t<\/div>\n\t\t\t\t<\/div>\n\t\t\t\t<\/div>","protected":false},"excerpt":{"rendered":"<p>A propos Qui se cache derri\u00e8re Your Vibes Events ? Je m\u2019appelle Margaux, j\u2019ai 34 ans, je suis originaire de Bretagne et j\u2019habite \u00e0 Bordeaux depuis 10 ans. Pendant plusieurs ann\u00e9es, j\u2019ai travaill\u00e9 dans l\u2019organisation de salons professionnels, tout en cultivant une passion pour les \u00e9v\u00e9nements personnels. Chaque occasion \u00e9tait parfaite pour r\u00e9unir les amis, [&hellip;]<\/p>\n","protected":false},"author":1,"featured_media":0,"parent":0,"menu_order":0,"comment_status":"closed","ping_status":"closed","template":"","meta":{"site-sidebar-layout":"no-sidebar","site-content-layout":"page-builder","ast-site-content-layout":"full-width-container","site-content-style":"default","site-sidebar-style":"default","ast-global-header-display":"","ast-banner-title-visibility":"","ast-main-header-display":"","ast-hfb-above-header-display":"","ast-hfb-below-header-display":"","ast-hfb-mobile-header-display":"","site-post-title":"disabled","ast-breadcrumbs-content":"","ast-featured-img":"disabled","footer-sml-layout":"","theme-transparent-header-meta":"","adv-header-id-meta":"","stick-header-meta":"","header-above-stick-meta":"","header-main-stick-meta":"","header-below-stick-meta":"","astra-migrate-meta-layouts":"set","ast-page-background-enabled":"default","ast-page-background-meta":{"desktop":{"background-color":"var(--ast-global-color-4)","background-image":"","background-repeat":"repeat","background-position":"center center","background-size":"auto","background-attachment":"scroll","background-type":"","background-media":"","overlay-type":"","overlay-color":"","overlay-opacity":"","overlay-gradient":""},"tablet":{"background-color":"","background-image":"","background-repeat":"repeat","background-position":"center center","background-size":"auto","background-attachment":"scroll","background-type":"","background-media":"","overlay-type":"","overlay-color":"","overlay-opacity":"","overlay-gradient":""},"mobile":{"background-color":"","background-image":"","background-repeat":"repeat","background-position":"center center","background-size":"auto","background-attachment":"scroll","background-type":"","background-media":"","overlay-type":"","overlay-color":"","overlay-opacity":"","overlay-gradient":""}},"ast-content-background-meta":{"desktop":{"background-color":"var(--ast-global-color-5)","background-image":"","background-repeat":"repeat","background-position":"center center","background-size":"auto","background-attachment":"scroll","background-type":"","background-media":"","overlay-type":"","overlay-color":"","overlay-opacity":"","overlay-gradient":""},"tablet":{"background-color":"var(--ast-global-color-5)","background-image":"","background-repeat":"repeat","background-position":"center center","background-size":"auto","background-attachment":"scroll","background-type":"","background-media":"","overlay-type":"","overlay-color":"","overlay-opacity":"","overlay-gradient":""},"mobile":{"background-color":"var(--ast-global-color-5)","background-image":"","background-repeat":"repeat","background-position":"center center","background-size":"auto","background-attachment":"scroll","background-type":"","background-media":"","overlay-type":"","overlay-color":"","overlay-opacity":"","overlay-gradient":""}},"footnotes":""},"class_list":["post-1852","page","type-page","status-publish","hentry"],"yoast_head":"<!-- This site is optimized with the Yoast SEO plugin v26.8 - https:\/\/yoast.com\/product\/yoast-seo-wordpress\/ -->\n<title>A propos - Your Vibes Events<\/title>\n<meta name=\"description\" content=\"Notre agence de wedding et event planning organise des mariages et \u00e9v\u00e9nements priv\u00e9s ou corporate sur-mesure. Bordeaux France Etranger\" \/>\n<meta name=\"robots\" content=\"index, follow, max-snippet:-1, max-image-preview:large, max-video-preview:-1\" \/>\n<link rel=\"canonical\" href=\"https:\/\/yourvibesevents.com\/en\/votre-evenement-sur-mesure\/\" \/>\n<meta property=\"og:locale\" content=\"en_US\" \/>\n<meta property=\"og:type\" content=\"article\" \/>\n<meta property=\"og:title\" content=\"A propos - Your Vibes Events\" \/>\n<meta property=\"og:description\" content=\"Notre agence de wedding et event planning organise des mariages et \u00e9v\u00e9nements priv\u00e9s ou corporate sur-mesure. Bordeaux France Etranger\" \/>\n<meta property=\"og:url\" content=\"https:\/\/yourvibesevents.com\/en\/votre-evenement-sur-mesure\/\" \/>\n<meta property=\"og:site_name\" content=\"Your Vibes Events\" \/>\n<meta property=\"article:modified_time\" content=\"2025-04-16T12:06:30+00:00\" \/>\n<meta property=\"og:image\" content=\"http:\/\/yourvibesevents.com\/wp-content\/uploads\/2024\/10\/IMG-20241006-WA0166-scaled.jpg\" \/>\n<meta name=\"twitter:card\" content=\"summary_large_image\" \/>\n<meta name=\"twitter:label1\" content=\"Est. reading time\" \/>\n\t<meta name=\"twitter:data1\" content=\"2 minutes\" \/>\n<script type=\"application\/ld+json\" class=\"yoast-schema-graph\">{\"@context\":\"https:\/\/schema.org\",\"@graph\":[{\"@type\":\"WebPage\",\"@id\":\"https:\/\/yourvibesevents.com\/votre-evenement-sur-mesure\/\",\"url\":\"https:\/\/yourvibesevents.com\/votre-evenement-sur-mesure\/\",\"name\":\"A propos - Your Vibes Events\",\"isPartOf\":{\"@id\":\"https:\/\/yourvibesevents.com\/#website\"},\"primaryImageOfPage\":{\"@id\":\"https:\/\/yourvibesevents.com\/votre-evenement-sur-mesure\/#primaryimage\"},\"image\":{\"@id\":\"https:\/\/yourvibesevents.com\/votre-evenement-sur-mesure\/#primaryimage\"},\"thumbnailUrl\":\"http:\/\/yourvibesevents.com\/wp-content\/uploads\/2024\/10\/IMG-20241006-WA0166-scaled.jpg\",\"datePublished\":\"2024-10-01T09:44:18+00:00\",\"dateModified\":\"2025-04-16T12:06:30+00:00\",\"description\":\"Notre agence de wedding et event planning organise des mariages et \u00e9v\u00e9nements priv\u00e9s ou corporate sur-mesure. Bordeaux France Etranger\",\"breadcrumb\":{\"@id\":\"https:\/\/yourvibesevents.com\/votre-evenement-sur-mesure\/#breadcrumb\"},\"inLanguage\":\"en-US\",\"potentialAction\":[{\"@type\":\"ReadAction\",\"target\":[\"https:\/\/yourvibesevents.com\/votre-evenement-sur-mesure\/\"]}]},{\"@type\":\"ImageObject\",\"inLanguage\":\"en-US\",\"@id\":\"https:\/\/yourvibesevents.com\/votre-evenement-sur-mesure\/#primaryimage\",\"url\":\"http:\/\/yourvibesevents.com\/wp-content\/uploads\/2024\/10\/IMG-20241006-WA0166-scaled.jpg\",\"contentUrl\":\"http:\/\/yourvibesevents.com\/wp-content\/uploads\/2024\/10\/IMG-20241006-WA0166-scaled.jpg\"},{\"@type\":\"BreadcrumbList\",\"@id\":\"https:\/\/yourvibesevents.com\/votre-evenement-sur-mesure\/#breadcrumb\",\"itemListElement\":[{\"@type\":\"ListItem\",\"position\":1,\"name\":\"Accueil\",\"item\":\"https:\/\/yourvibesevents.com\/\"},{\"@type\":\"ListItem\",\"position\":2,\"name\":\"A propos\"}]},{\"@type\":\"WebSite\",\"@id\":\"https:\/\/yourvibesevents.com\/#website\",\"url\":\"https:\/\/yourvibesevents.com\/\",\"name\":\"Your Vibes Events\",\"description\":\"Your vibes Your event\",\"potentialAction\":[{\"@type\":\"SearchAction\",\"target\":{\"@type\":\"EntryPoint\",\"urlTemplate\":\"https:\/\/yourvibesevents.com\/?s={search_term_string}\"},\"query-input\":{\"@type\":\"PropertyValueSpecification\",\"valueRequired\":true,\"valueName\":\"search_term_string\"}}],\"inLanguage\":\"en-US\"}]}<\/script>\n<!-- \/ Yoast SEO plugin. -->","yoast_head_json":{"title":"A propos - Your Vibes Events","description":"Notre agence de wedding et event planning organise des mariages et \u00e9v\u00e9nements priv\u00e9s ou corporate sur-mesure. Bordeaux France Etranger","robots":{"index":"index","follow":"follow","max-snippet":"max-snippet:-1","max-image-preview":"max-image-preview:large","max-video-preview":"max-video-preview:-1"},"canonical":"https:\/\/yourvibesevents.com\/en\/votre-evenement-sur-mesure\/","og_locale":"en_US","og_type":"article","og_title":"A propos - Your Vibes Events","og_description":"Notre agence de wedding et event planning organise des mariages et \u00e9v\u00e9nements priv\u00e9s ou corporate sur-mesure. Bordeaux France Etranger","og_url":"https:\/\/yourvibesevents.com\/en\/votre-evenement-sur-mesure\/","og_site_name":"Your Vibes Events","article_modified_time":"2025-04-16T12:06:30+00:00","og_image":[{"url":"http:\/\/yourvibesevents.com\/wp-content\/uploads\/2024\/10\/IMG-20241006-WA0166-scaled.jpg","type":"","width":"","height":""}],"twitter_card":"summary_large_image","twitter_misc":{"Est. reading time":"2 minutes"},"schema":{"@context":"https:\/\/schema.org","@graph":[{"@type":"WebPage","@id":"https:\/\/yourvibesevents.com\/votre-evenement-sur-mesure\/","url":"https:\/\/yourvibesevents.com\/votre-evenement-sur-mesure\/","name":"A propos - Your Vibes Events","isPartOf":{"@id":"https:\/\/yourvibesevents.com\/#website"},"primaryImageOfPage":{"@id":"https:\/\/yourvibesevents.com\/votre-evenement-sur-mesure\/#primaryimage"},"image":{"@id":"https:\/\/yourvibesevents.com\/votre-evenement-sur-mesure\/#primaryimage"},"thumbnailUrl":"http:\/\/yourvibesevents.com\/wp-content\/uploads\/2024\/10\/IMG-20241006-WA0166-scaled.jpg","datePublished":"2024-10-01T09:44:18+00:00","dateModified":"2025-04-16T12:06:30+00:00","description":"Notre agence de wedding et event planning organise des mariages et \u00e9v\u00e9nements priv\u00e9s ou corporate sur-mesure. Bordeaux France Etranger","breadcrumb":{"@id":"https:\/\/yourvibesevents.com\/votre-evenement-sur-mesure\/#breadcrumb"},"inLanguage":"en-US","potentialAction":[{"@type":"ReadAction","target":["https:\/\/yourvibesevents.com\/votre-evenement-sur-mesure\/"]}]},{"@type":"ImageObject","inLanguage":"en-US","@id":"https:\/\/yourvibesevents.com\/votre-evenement-sur-mesure\/#primaryimage","url":"http:\/\/yourvibesevents.com\/wp-content\/uploads\/2024\/10\/IMG-20241006-WA0166-scaled.jpg","contentUrl":"http:\/\/yourvibesevents.com\/wp-content\/uploads\/2024\/10\/IMG-20241006-WA0166-scaled.jpg"},{"@type":"BreadcrumbList","@id":"https:\/\/yourvibesevents.com\/votre-evenement-sur-mesure\/#breadcrumb","itemListElement":[{"@type":"ListItem","position":1,"name":"Accueil","item":"https:\/\/yourvibesevents.com\/"},{"@type":"ListItem","position":2,"name":"A propos"}]},{"@type":"WebSite","@id":"https:\/\/yourvibesevents.com\/#website","url":"https:\/\/yourvibesevents.com\/","name":"Your Vibes Events","description":"Your vibes Your event","potentialAction":[{"@type":"SearchAction","target":{"@type":"EntryPoint","urlTemplate":"https:\/\/yourvibesevents.com\/?s={search_term_string}"},"query-input":{"@type":"PropertyValueSpecification","valueRequired":true,"valueName":"search_term_string"}}],"inLanguage":"en-US"}]}},"_links":{"self":[{"href":"https:\/\/yourvibesevents.com\/en\/wp-json\/wp\/v2\/pages\/1852","targetHints":{"allow":["GET"]}}],"collection":[{"href":"https:\/\/yourvibesevents.com\/en\/wp-json\/wp\/v2\/pages"}],"about":[{"href":"https:\/\/yourvibesevents.com\/en\/wp-json\/wp\/v2\/types\/page"}],"author":[{"embeddable":true,"href":"https:\/\/yourvibesevents.com\/en\/wp-json\/wp\/v2\/users\/1"}],"replies":[{"embeddable":true,"href":"https:\/\/yourvibesevents.com\/en\/wp-json\/wp\/v2\/comments?post=1852"}],"version-history":[{"count":63,"href":"https:\/\/yourvibesevents.com\/en\/wp-json\/wp\/v2\/pages\/1852\/revisions"}],"predecessor-version":[{"id":2889,"href":"https:\/\/yourvibesevents.com\/en\/wp-json\/wp\/v2\/pages\/1852\/revisions\/2889"}],"wp:attachment":[{"href":"https:\/\/yourvibesevents.com\/en\/wp-json\/wp\/v2\/media?parent=1852"}],"curies":[{"name":"wp","href":"https:\/\/api.w.org\/{rel}","templated":true}]}}