{"id":1658,"date":"2024-09-24T16:05:27","date_gmt":"2024-09-24T16:05:27","guid":{"rendered":"https:\/\/yourvibesevents.com\/contact\/"},"modified":"2025-04-16T10:35:49","modified_gmt":"2025-04-16T10:35:49","slug":"organisation-devenements","status":"publish","type":"page","link":"https:\/\/yourvibesevents.com\/en\/organisation-devenements\/","title":{"rendered":"Contact"},"content":{"rendered":"\t\t<div data-elementor-type=\"wp-page\" data-elementor-id=\"1658\" class=\"elementor elementor-1658\">\n\t\t\t\t<div class=\"elementor-element elementor-element-f3d06b3 e-flex e-con-boxed e-con e-parent\" data-id=\"f3d06b3\" data-element_type=\"container\" data-e-type=\"container\" data-settings=\"{&quot;background_background&quot;:&quot;classic&quot;}\">\n\t\t\t\t\t<div class=\"e-con-inner\">\n\t\t<div class=\"elementor-element elementor-element-c248003 e-flex e-con-boxed e-con e-child\" data-id=\"c248003\" data-element_type=\"container\" data-e-type=\"container\">\n\t\t\t\t\t<div class=\"e-con-inner\">\n\t\t\t\t<div class=\"elementor-element elementor-element-0cd6647 elementor-widget elementor-widget-heading\" data-id=\"0cd6647\" data-element_type=\"widget\" data-e-type=\"widget\" data-widget_type=\"heading.default\">\n\t\t\t\t<div class=\"elementor-widget-container\">\n\t\t\t\t\t<h1 class=\"elementor-heading-title elementor-size-default\">Contact<\/h1>\t\t\t\t<\/div>\n\t\t\t\t<\/div>\n\t\t\t\t\t<\/div>\n\t\t\t\t<\/div>\n\t\t\t\t\t<\/div>\n\t\t\t\t<\/div>\n\t\t<div class=\"elementor-element elementor-element-461e975 e-flex e-con-boxed e-con e-parent\" data-id=\"461e975\" data-element_type=\"container\" data-e-type=\"container\">\n\t\t\t\t\t<div class=\"e-con-inner\">\n\t\t\t\t<div class=\"elementor-element elementor-element-ea73191 elementor-widget elementor-widget-heading\" data-id=\"ea73191\" data-element_type=\"widget\" data-e-type=\"widget\" data-widget_type=\"heading.default\">\n\t\t\t\t<div class=\"elementor-widget-container\">\n\t\t\t\t\t<h2 class=\"elementor-heading-title elementor-size-default\">Contactez notre agence sp\u00e9cialis\u00e9e dans l'organisation d'\u00e9v\u00e9nements sur-mesure \u00e0 Bordeaux, en France ou \u00e0 l'\u00e9tranger. <\/h2>\t\t\t\t<\/div>\n\t\t\t\t<\/div>\n\t\t\t\t<div class=\"elementor-element elementor-element-f62ad05 elementor-widget elementor-widget-text-editor\" data-id=\"f62ad05\" data-element_type=\"widget\" data-e-type=\"widget\" data-widget_type=\"text-editor.default\">\n\t\t\t\t<div class=\"elementor-widget-container\">\n\t\t\t\t\t\t\t\t\t<p>Nous sommes bilingues (fran\u00e7ais\/anglais) pour r\u00e9pondre \u00e0 vos besoins.<\/p>\t\t\t\t\t\t\t\t<\/div>\n\t\t\t\t<\/div>\n\t\t\t\t\t<\/div>\n\t\t\t\t<\/div>\n\t\t<div class=\"elementor-element elementor-element-779d094 e-flex e-con-boxed e-con e-parent\" data-id=\"779d094\" data-element_type=\"container\" data-e-type=\"container\">\n\t\t\t\t\t<div class=\"e-con-inner\">\n\t\t<div class=\"elementor-element elementor-element-b92fb25 e-con-full e-flex e-con e-child\" data-id=\"b92fb25\" data-element_type=\"container\" data-e-type=\"container\">\n\t\t\t\t<div class=\"elementor-element elementor-element-2793cd9 elementor-widget elementor-widget-image\" data-id=\"2793cd9\" data-element_type=\"widget\" data-e-type=\"widget\" data-widget_type=\"image.default\">\n\t\t\t\t<div class=\"elementor-widget-container\">\n\t\t\t\t\t\t\t\t\t\t\t\t\t\t\t<img fetchpriority=\"high\" decoding=\"async\" width=\"1080\" height=\"1080\" src=\"https:\/\/yourvibesevents.com\/wp-content\/uploads\/2024\/10\/Margaux-BARTHELEMY-2.png\" class=\"attachment-full size-full wp-image-2694\" alt=\"\" srcset=\"https:\/\/yourvibesevents.com\/wp-content\/uploads\/2024\/10\/Margaux-BARTHELEMY-2.png 1080w, https:\/\/yourvibesevents.com\/wp-content\/uploads\/2024\/10\/Margaux-BARTHELEMY-2-300x300.png 300w, https:\/\/yourvibesevents.com\/wp-content\/uploads\/2024\/10\/Margaux-BARTHELEMY-2-1024x1024.png 1024w, https:\/\/yourvibesevents.com\/wp-content\/uploads\/2024\/10\/Margaux-BARTHELEMY-2-150x150.png 150w, https:\/\/yourvibesevents.com\/wp-content\/uploads\/2024\/10\/Margaux-BARTHELEMY-2-768x768.png 768w, https:\/\/yourvibesevents.com\/wp-content\/uploads\/2024\/10\/Margaux-BARTHELEMY-2-12x12.png 12w\" sizes=\"(max-width: 1080px) 100vw, 1080px\" \/>\t\t\t\t\t\t\t\t\t\t\t\t\t\t\t<\/div>\n\t\t\t\t<\/div>\n\t\t\t\t<\/div>\n\t\t<div class=\"elementor-element elementor-element-b29270f e-con-full e-flex e-con e-child\" data-id=\"b29270f\" data-element_type=\"container\" data-e-type=\"container\">\n\t\t\t\t<div class=\"elementor-element elementor-element-54b0859 elementor-widget elementor-widget-wpforms\" data-id=\"54b0859\" data-element_type=\"widget\" data-e-type=\"widget\" data-widget_type=\"wpforms.default\">\n\t\t\t\t<div class=\"elementor-widget-container\">\n\t\t\t\t\t<div class=\"wpforms-container wpforms-container inputtypetext inputtypeemail inputtypetel inputtypeurl inputtypenumber inputtypepassword inputtypedate inputtypefile textarea select  border 2px solid 000  Applique une bordure noire  padding 10px Ajoute un espacement interne border-radius 5px Arrondit les coins box-sizing border-box Assure que la naffecte pas taille du champ \" id=\"wpforms-1649\"><form id=\"wpforms-form-1649\" class=\"wpforms-validate wpforms-form wpforms-ajax-form\" data-formid=\"1649\" method=\"post\" enctype=\"multipart\/form-data\" action=\"\/en\/wp-json\/wp\/v2\/pages\/1658\" data-token=\"58bb88931c997a46dbb707102e47f491\" data-token-time=\"1776385320\"><noscript class=\"wpforms-error-noscript\">Please enable JavaScript in your browser to complete this form.<\/noscript><div class=\"wpforms-field-container\"><div id=\"wpforms-1649-field_0-container\" class=\"wpforms-field wpforms-field-name\" data-field-id=\"0\"><label class=\"wpforms-field-label\">Pr\u00e9nom et Nom <span class=\"wpforms-required-label\">*<\/span><\/label><div class=\"wpforms-field-row wpforms-field-large\"><div class=\"wpforms-field-row-block wpforms-first wpforms-one-half\"><input type=\"text\" id=\"wpforms-1649-field_0\" class=\"wpforms-field-name-first wpforms-field-required\" name=\"wpforms[fields][0][first]\" required><label for=\"wpforms-1649-field_0\" class=\"wpforms-field-sublabel after\">First<\/label><\/div><div class=\"wpforms-field-row-block wpforms-one-half\"><input type=\"text\" id=\"wpforms-1649-field_0-last\" class=\"wpforms-field-name-last wpforms-field-required\" name=\"wpforms[fields][0][last]\" required><label for=\"wpforms-1649-field_0-last\" class=\"wpforms-field-sublabel after\">Last<\/label><\/div><\/div><\/div><div id=\"wpforms-1649-field_3-container\" class=\"wpforms-field wpforms-field-name\" data-field-id=\"3\"><label class=\"wpforms-field-label\" for=\"wpforms-1649-field_3\">Soci\u00e9t\u00e9<\/label><input type=\"text\" id=\"wpforms-1649-field_3\" class=\"wpforms-field-large\" name=\"wpforms[fields][3]\" ><\/div><div id=\"wpforms-1649-field_5-container\" class=\"wpforms-field wpforms-field-number\" data-field-id=\"5\"><label class=\"wpforms-field-label\" for=\"wpforms-1649-field_5\">T\u00e9l\u00e9phone <span class=\"wpforms-required-label\">*<\/span><\/label><input type=\"number\" id=\"wpforms-1649-field_5\" class=\"wpforms-field-large wpforms-field-required\" name=\"wpforms[fields][5]\" step=\"any\" required><\/div><div id=\"wpforms-1649-field_1-container\" class=\"wpforms-field wpforms-field-email\" data-field-id=\"1\"><label class=\"wpforms-field-label\" for=\"wpforms-1649-field_1\">Adresse email <span class=\"wpforms-required-label\">*<\/span><\/label><input type=\"email\" id=\"wpforms-1649-field_1\" class=\"wpforms-field-large wpforms-field-required\" name=\"wpforms[fields][1]\" spellcheck=\"false\" required><\/div><div id=\"wpforms-1649-field_2-container\" class=\"wpforms-field wpforms-field-textarea\" data-field-id=\"2\"><label class=\"wpforms-field-label\" for=\"wpforms-1649-field_2\">Votre message <span class=\"wpforms-required-label\">*<\/span><\/label><textarea id=\"wpforms-1649-field_2\" class=\"wpforms-field-medium wpforms-field-required\" name=\"wpforms[fields][2]\" placeholder=\"Parlez-nous de vous, de votre projet, de tout ce que vous souhaitez nous partager\" required><\/textarea><\/div><\/div><!-- .wpforms-field-container --><div class=\"wpforms-submit-container\" ><input type=\"hidden\" name=\"wpforms[id]\" value=\"1649\"><input type=\"hidden\" name=\"page_title\" value=\"\"><input type=\"hidden\" name=\"page_url\" value=\"https:\/\/yourvibesevents.com\/en\/wp-json\/wp\/v2\/pages\/1658\"><input type=\"hidden\" name=\"url_referer\" value=\"\"><button type=\"submit\" name=\"wpforms[submit]\" id=\"wpforms-submit-1649\" class=\"wpforms-submit\" data-alt-text=\"Sending...\" data-submit-text=\"Envoyer\" aria-live=\"assertive\" value=\"wpforms-submit\">Envoyer<\/button><img decoding=\"async\" src=\"https:\/\/yourvibesevents.com\/wp-content\/plugins\/wpforms-lite\/assets\/images\/submit-spin.svg\" class=\"wpforms-submit-spinner\" style=\"display: none;\" width=\"26\" height=\"26\" alt=\"Loading\"><\/div><\/form><\/div>  <!-- .wpforms-container -->\t\t\t\t<\/div>\n\t\t\t\t<\/div>\n\t\t\t\t<\/div>\n\t\t\t\t\t<\/div>\n\t\t\t\t<\/div>\n\t\t<div class=\"elementor-element elementor-element-694a08a e-flex e-con-boxed e-con e-parent\" data-id=\"694a08a\" data-element_type=\"container\" data-e-type=\"container\">\n\t\t\t\t\t<div class=\"e-con-inner\">\n\t\t\t\t\t<\/div>\n\t\t\t\t<\/div>\n\t\t\t\t<\/div>\n\t\t","protected":false},"excerpt":{"rendered":"<p>Contact Contactez notre agence sp\u00e9cialis\u00e9e dans l&rsquo;organisation d&rsquo;\u00e9v\u00e9nements sur-mesure \u00e0 Bordeaux, en France ou \u00e0 l&rsquo;\u00e9tranger. Nous sommes bilingues (fran\u00e7ais\/anglais) pour r\u00e9pondre \u00e0 vos besoins. Veuillez activer JavaScript dans votre navigateur pour remplir ce formulaire.Pr\u00e9nom et Nom *Pr\u00e9nomNomSoci\u00e9t\u00e9T\u00e9l\u00e9phone *Adresse email *Votre message * Envoyer<\/p>","protected":false},"author":1,"featured_media":0,"parent":0,"menu_order":0,"comment_status":"closed","ping_status":"closed","template":"","meta":{"site-sidebar-layout":"no-sidebar","site-content-layout":"page-builder","ast-site-content-layout":"full-width-container","site-content-style":"unboxed","site-sidebar-style":"unboxed","ast-global-header-display":"","ast-banner-title-visibility":"","ast-main-header-display":"","ast-hfb-above-header-display":"","ast-hfb-below-header-display":"","ast-hfb-mobile-header-display":"","site-post-title":"disabled","ast-breadcrumbs-content":"","ast-featured-img":"disabled","footer-sml-layout":"","theme-transparent-header-meta":"enabled","adv-header-id-meta":"","stick-header-meta":"","header-above-stick-meta":"","header-main-stick-meta":"","header-below-stick-meta":"","astra-migrate-meta-layouts":"set","ast-page-background-enabled":"default","ast-page-background-meta":{"desktop":{"background-color":"var(--ast-global-color-4)","background-image":"","background-repeat":"repeat","background-position":"center center","background-size":"auto","background-attachment":"scroll","background-type":"","background-media":"","overlay-type":"","overlay-color":"","overlay-opacity":"","overlay-gradient":""},"tablet":{"background-color":"","background-image":"","background-repeat":"repeat","background-position":"center center","background-size":"auto","background-attachment":"scroll","background-type":"","background-media":"","overlay-type":"","overlay-color":"","overlay-opacity":"","overlay-gradient":""},"mobile":{"background-color":"","background-image":"","background-repeat":"repeat","background-position":"center center","background-size":"auto","background-attachment":"scroll","background-type":"","background-media":"","overlay-type":"","overlay-color":"","overlay-opacity":"","overlay-gradient":""}},"ast-content-background-meta":{"desktop":{"background-color":"var(--ast-global-color-5)","background-image":"","background-repeat":"repeat","background-position":"center center","background-size":"auto","background-attachment":"scroll","background-type":"","background-media":"","overlay-type":"","overlay-color":"","overlay-opacity":"","overlay-gradient":""},"tablet":{"background-color":"var(--ast-global-color-5)","background-image":"","background-repeat":"repeat","background-position":"center center","background-size":"auto","background-attachment":"scroll","background-type":"","background-media":"","overlay-type":"","overlay-color":"","overlay-opacity":"","overlay-gradient":""},"mobile":{"background-color":"var(--ast-global-color-5)","background-image":"","background-repeat":"repeat","background-position":"center center","background-size":"auto","background-attachment":"scroll","background-type":"","background-media":"","overlay-type":"","overlay-color":"","overlay-opacity":"","overlay-gradient":""}},"footnotes":""},"class_list":["post-1658","page","type-page","status-publish","hentry"],"yoast_head":"<!-- This site is optimized with the Yoast SEO plugin v26.8 - https:\/\/yoast.com\/product\/yoast-seo-wordpress\/ -->\n<title>Organisation d&#039;\u00e9v\u00e8nements<\/title>\n<meta name=\"description\" content=\"Contactez notre agence sp\u00e9cialis\u00e9e dans l&#039;organisation d&#039;\u00e9v\u00e9nements sur-mesure \u00e0 Bordeaux, en France ou \u00e0 l&#039;\u00e9tranger. Fran\u00e7ais\/Anglais\" \/>\n<meta name=\"robots\" content=\"index, follow, max-snippet:-1, max-image-preview:large, max-video-preview:-1\" \/>\n<link rel=\"canonical\" href=\"https:\/\/yourvibesevents.com\/en\/organisation-devenements\/\" \/>\n<meta property=\"og:locale\" content=\"en_US\" \/>\n<meta property=\"og:type\" content=\"article\" \/>\n<meta property=\"og:title\" content=\"Organisation d&#039;\u00e9v\u00e8nements\" \/>\n<meta property=\"og:description\" content=\"Contactez notre agence sp\u00e9cialis\u00e9e dans l&#039;organisation d&#039;\u00e9v\u00e9nements sur-mesure \u00e0 Bordeaux, en France ou \u00e0 l&#039;\u00e9tranger. Fran\u00e7ais\/Anglais\" \/>\n<meta property=\"og:url\" content=\"https:\/\/yourvibesevents.com\/en\/organisation-devenements\/\" \/>\n<meta property=\"og:site_name\" content=\"Your Vibes Events\" \/>\n<meta property=\"article:modified_time\" content=\"2025-04-16T10:35:49+00:00\" \/>\n<meta property=\"og:image\" content=\"http:\/\/yourvibesevents.com\/wp-content\/uploads\/2024\/10\/Margaux-BARTHELEMY-2.png\" \/>\n<meta name=\"twitter:card\" content=\"summary_large_image\" \/>\n<meta name=\"twitter:label1\" content=\"Est. reading time\" \/>\n\t<meta name=\"twitter:data1\" content=\"1 minute\" \/>\n<script type=\"application\/ld+json\" class=\"yoast-schema-graph\">{\"@context\":\"https:\/\/schema.org\",\"@graph\":[{\"@type\":\"WebPage\",\"@id\":\"https:\/\/yourvibesevents.com\/organisation-devenements\/\",\"url\":\"https:\/\/yourvibesevents.com\/organisation-devenements\/\",\"name\":\"Organisation d'\u00e9v\u00e8nements\",\"isPartOf\":{\"@id\":\"https:\/\/yourvibesevents.com\/#website\"},\"primaryImageOfPage\":{\"@id\":\"https:\/\/yourvibesevents.com\/organisation-devenements\/#primaryimage\"},\"image\":{\"@id\":\"https:\/\/yourvibesevents.com\/organisation-devenements\/#primaryimage\"},\"thumbnailUrl\":\"http:\/\/yourvibesevents.com\/wp-content\/uploads\/2024\/10\/Margaux-BARTHELEMY-2.png\",\"datePublished\":\"2024-09-24T16:05:27+00:00\",\"dateModified\":\"2025-04-16T10:35:49+00:00\",\"description\":\"Contactez notre agence sp\u00e9cialis\u00e9e dans l'organisation d'\u00e9v\u00e9nements sur-mesure \u00e0 Bordeaux, en France ou \u00e0 l'\u00e9tranger. Fran\u00e7ais\/Anglais\",\"breadcrumb\":{\"@id\":\"https:\/\/yourvibesevents.com\/organisation-devenements\/#breadcrumb\"},\"inLanguage\":\"en-US\",\"potentialAction\":[{\"@type\":\"ReadAction\",\"target\":[\"https:\/\/yourvibesevents.com\/organisation-devenements\/\"]}]},{\"@type\":\"ImageObject\",\"inLanguage\":\"en-US\",\"@id\":\"https:\/\/yourvibesevents.com\/organisation-devenements\/#primaryimage\",\"url\":\"http:\/\/yourvibesevents.com\/wp-content\/uploads\/2024\/10\/Margaux-BARTHELEMY-2.png\",\"contentUrl\":\"http:\/\/yourvibesevents.com\/wp-content\/uploads\/2024\/10\/Margaux-BARTHELEMY-2.png\"},{\"@type\":\"BreadcrumbList\",\"@id\":\"https:\/\/yourvibesevents.com\/organisation-devenements\/#breadcrumb\",\"itemListElement\":[{\"@type\":\"ListItem\",\"position\":1,\"name\":\"Accueil\",\"item\":\"https:\/\/yourvibesevents.com\/\"},{\"@type\":\"ListItem\",\"position\":2,\"name\":\"Contact\"}]},{\"@type\":\"WebSite\",\"@id\":\"https:\/\/yourvibesevents.com\/#website\",\"url\":\"https:\/\/yourvibesevents.com\/\",\"name\":\"Your Vibes Events\",\"description\":\"Your vibes Your event\",\"potentialAction\":[{\"@type\":\"SearchAction\",\"target\":{\"@type\":\"EntryPoint\",\"urlTemplate\":\"https:\/\/yourvibesevents.com\/?s={search_term_string}\"},\"query-input\":{\"@type\":\"PropertyValueSpecification\",\"valueRequired\":true,\"valueName\":\"search_term_string\"}}],\"inLanguage\":\"en-US\"}]}<\/script>\n<!-- \/ Yoast SEO plugin. -->","yoast_head_json":{"title":"Organisation d'\u00e9v\u00e8nements","description":"Contactez notre agence sp\u00e9cialis\u00e9e dans l'organisation d'\u00e9v\u00e9nements sur-mesure \u00e0 Bordeaux, en France ou \u00e0 l'\u00e9tranger. Fran\u00e7ais\/Anglais","robots":{"index":"index","follow":"follow","max-snippet":"max-snippet:-1","max-image-preview":"max-image-preview:large","max-video-preview":"max-video-preview:-1"},"canonical":"https:\/\/yourvibesevents.com\/en\/organisation-devenements\/","og_locale":"en_US","og_type":"article","og_title":"Organisation d'\u00e9v\u00e8nements","og_description":"Contactez notre agence sp\u00e9cialis\u00e9e dans l'organisation d'\u00e9v\u00e9nements sur-mesure \u00e0 Bordeaux, en France ou \u00e0 l'\u00e9tranger. Fran\u00e7ais\/Anglais","og_url":"https:\/\/yourvibesevents.com\/en\/organisation-devenements\/","og_site_name":"Your Vibes Events","article_modified_time":"2025-04-16T10:35:49+00:00","og_image":[{"url":"http:\/\/yourvibesevents.com\/wp-content\/uploads\/2024\/10\/Margaux-BARTHELEMY-2.png","type":"","width":"","height":""}],"twitter_card":"summary_large_image","twitter_misc":{"Est. reading time":"1 minute"},"schema":{"@context":"https:\/\/schema.org","@graph":[{"@type":"WebPage","@id":"https:\/\/yourvibesevents.com\/organisation-devenements\/","url":"https:\/\/yourvibesevents.com\/organisation-devenements\/","name":"Organisation d'\u00e9v\u00e8nements","isPartOf":{"@id":"https:\/\/yourvibesevents.com\/#website"},"primaryImageOfPage":{"@id":"https:\/\/yourvibesevents.com\/organisation-devenements\/#primaryimage"},"image":{"@id":"https:\/\/yourvibesevents.com\/organisation-devenements\/#primaryimage"},"thumbnailUrl":"http:\/\/yourvibesevents.com\/wp-content\/uploads\/2024\/10\/Margaux-BARTHELEMY-2.png","datePublished":"2024-09-24T16:05:27+00:00","dateModified":"2025-04-16T10:35:49+00:00","description":"Contactez notre agence sp\u00e9cialis\u00e9e dans l'organisation d'\u00e9v\u00e9nements sur-mesure \u00e0 Bordeaux, en France ou \u00e0 l'\u00e9tranger. Fran\u00e7ais\/Anglais","breadcrumb":{"@id":"https:\/\/yourvibesevents.com\/organisation-devenements\/#breadcrumb"},"inLanguage":"en-US","potentialAction":[{"@type":"ReadAction","target":["https:\/\/yourvibesevents.com\/organisation-devenements\/"]}]},{"@type":"ImageObject","inLanguage":"en-US","@id":"https:\/\/yourvibesevents.com\/organisation-devenements\/#primaryimage","url":"http:\/\/yourvibesevents.com\/wp-content\/uploads\/2024\/10\/Margaux-BARTHELEMY-2.png","contentUrl":"http:\/\/yourvibesevents.com\/wp-content\/uploads\/2024\/10\/Margaux-BARTHELEMY-2.png"},{"@type":"BreadcrumbList","@id":"https:\/\/yourvibesevents.com\/organisation-devenements\/#breadcrumb","itemListElement":[{"@type":"ListItem","position":1,"name":"Accueil","item":"https:\/\/yourvibesevents.com\/"},{"@type":"ListItem","position":2,"name":"Contact"}]},{"@type":"WebSite","@id":"https:\/\/yourvibesevents.com\/#website","url":"https:\/\/yourvibesevents.com\/","name":"Your Vibes Events","description":"Your vibes Your event","potentialAction":[{"@type":"SearchAction","target":{"@type":"EntryPoint","urlTemplate":"https:\/\/yourvibesevents.com\/?s={search_term_string}"},"query-input":{"@type":"PropertyValueSpecification","valueRequired":true,"valueName":"search_term_string"}}],"inLanguage":"en-US"}]}},"_links":{"self":[{"href":"https:\/\/yourvibesevents.com\/en\/wp-json\/wp\/v2\/pages\/1658","targetHints":{"allow":["GET"]}}],"collection":[{"href":"https:\/\/yourvibesevents.com\/en\/wp-json\/wp\/v2\/pages"}],"about":[{"href":"https:\/\/yourvibesevents.com\/en\/wp-json\/wp\/v2\/types\/page"}],"author":[{"embeddable":true,"href":"https:\/\/yourvibesevents.com\/en\/wp-json\/wp\/v2\/users\/1"}],"replies":[{"embeddable":true,"href":"https:\/\/yourvibesevents.com\/en\/wp-json\/wp\/v2\/comments?post=1658"}],"version-history":[{"count":73,"href":"https:\/\/yourvibesevents.com\/en\/wp-json\/wp\/v2\/pages\/1658\/revisions"}],"predecessor-version":[{"id":2842,"href":"https:\/\/yourvibesevents.com\/en\/wp-json\/wp\/v2\/pages\/1658\/revisions\/2842"}],"wp:attachment":[{"href":"https:\/\/yourvibesevents.com\/en\/wp-json\/wp\/v2\/media?parent=1658"}],"curies":[{"name":"wp","href":"https:\/\/api.w.org\/{rel}","templated":true}]}}